{"id":178,"date":"2024-04-02T15:55:06","date_gmt":"2024-04-02T12:55:06","guid":{"rendered":"https:\/\/ozerkochukuk.com\/?page_id=178"},"modified":"2024-04-02T16:07:37","modified_gmt":"2024-04-02T13:07:37","slug":"hakkimizda","status":"publish","type":"page","link":"https:\/\/ozerkochukuk.com\/index.php\/hakkimizda\/","title":{"rendered":"HAKKIMIZDA"},"content":{"rendered":"<p><span data-tt=\"{&quot;paragraphStyle&quot;:{&quot;alignment&quot;:4,&quot;writingDirection&quot;:1}}\" data-sider-select-id=\"df3c8e3d-60c4-4beb-9de5-a9dde40ec356\">Avukatl\u0131k firmam\u0131z, 2013 y\u0131l\u0131nda kurulmu\u015f olup geni\u015f bir hukuki hizmet yelpazesi sunmaktad\u0131r. Firmam\u0131z\u0131n uzmanl\u0131k alanlar\u0131 aras\u0131nda icra ve iflas hukuku,<\/span><\/p>\n<p><span data-tt=\"{&quot;paragraphStyle&quot;:{&quot;alignment&quot;:4,&quot;writingDirection&quot;:1}}\">\u00a0ticaret hukuku, i\u015f hukuku, uyu\u015fmazl\u0131k \u00e7\u00f6z\u00fcm\u00fc, arabuluculuk,<\/span><\/p>\n<p><span data-tt=\"{&quot;paragraphStyle&quot;:{&quot;alignment&quot;:4,&quot;writingDirection&quot;:1}}\">\u00a0\u015firketler ve ticaret hukuku, miras hukuku, aile hukuku, ki\u015fisel verilerin korunmas\u0131 ve ceza hukuku bulunmaktad\u0131r.<\/span><\/p>\n<p><span data-tt=\"{&quot;paragraphStyle&quot;:{&quot;alignment&quot;:4,&quot;writingDirection&quot;:1}}\">M\u00fcvekkillerimize en iyi hukuki \u00e7\u00f6z\u00fcmleri sunmak amac\u0131yla uzman avukatlar\u0131m\u0131z, geni\u015f tecr\u00fcbeleri ve bilgi birikimleriyle hizmet vermektedir. M\u00fcvekkillerimizin haklar\u0131n\u0131 korumak ve hukuki s\u00fcre\u00e7lerde en etkin \u015fekilde destek olmak i\u00e7in \u00e7al\u0131\u015fmaktay\u0131z.<\/span><\/p>\n<p><span data-tt=\"{&quot;paragraphStyle&quot;:{&quot;alignment&quot;:4,&quot;writingDirection&quot;:1}}\">Her t\u00fcrl\u00fc hukuki sorununuzda profesyonel ve g\u00fcvenilir bir hizmet almak i\u00e7in bizimle ileti\u015fime ge\u00e7ebilirsiniz. Firmam\u0131z, m\u00fcvekkillerine en iyi hukuki \u00e7\u00f6z\u00fcmleri sunmay\u0131 ve haklar\u0131n\u0131 en iyi \u015fekilde korumay\u0131 ilke edinmi\u015ftir.<\/span><\/p>\n<h4><span data-tt=\"{&quot;paragraphStyle&quot;:{&quot;alignment&quot;:4,&quot;writingDirection&quot;:1}}\">V\u0130ZYON<\/span><\/h4>\n<p><span data-tt=\"{&quot;paragraphStyle&quot;:{&quot;alignment&quot;:4,&quot;writingDirection&quot;:1}}\">Hukuk alan\u0131nda \u00f6nc\u00fc bir marka olmak ve m\u00fcvekkillerimize en iyi hukuki hizmeti sunarak g\u00fcvenilir bir dan\u0131\u015fmanl\u0131k firmas\u0131 olarak tan\u0131nmak. S\u00fcrekli geli\u015fen ve de\u011fi\u015fen hukuk d\u00fcnyas\u0131nda en g\u00fcncel bilgi ve teknikleri kullanarak m\u00fcvekkillerimize en iyi sonu\u00e7lar\u0131 sa\u011flamak ve hukukun \u00fcst\u00fcnl\u00fc\u011f\u00fcn\u00fc korumak. M\u00fcvekkillerimizin haklar\u0131n\u0131 en iyi \u015fekilde savunarak toplumsal adaletin sa\u011flanmas\u0131na katk\u0131da bulunmak.<\/span><\/p>\n<h4><span data-tt=\"{&quot;paragraphStyle&quot;:{&quot;alignment&quot;:4,&quot;writingDirection&quot;:1}}\">M\u0130SYON<\/span><\/h4>\n<p><span data-tt=\"{&quot;paragraphStyle&quot;:{&quot;alignment&quot;:4,&quot;writingDirection&quot;:1}}\">M\u00fcvekkillerimize en iyi hukuki \u00e7\u00f6z\u00fcmleri sunarak haklar\u0131n\u0131 korumak ve adaletin sa\u011flanmas\u0131na katk\u0131da bulunmak. Uzman avukatlar\u0131m\u0131zla m\u00fcvekkillerimizin hukuki ihtiya\u00e7lar\u0131n\u0131 en etkin ve g\u00fcvenilir \u015fekilde kar\u015f\u0131lamak, d\u00fcr\u00fcstl\u00fck ve profesyonellik ilkelerinden \u00f6d\u00fcn vermeden hizmet vermek.<\/span><\/p>\n","protected":false},"excerpt":{"rendered":"<p>Avukatl\u0131k firmam\u0131z, 2013 y\u0131l\u0131nda kurulmu\u015f olup geni\u015f bir hukuki hizmet yelpazesi sunmaktad\u0131r. Firmam\u0131z\u0131n uzmanl\u0131k alanlar\u0131 aras\u0131nda icra ve iflas hukuku, \u00a0ticaret hukuku, i\u015f hukuku, uyu\u015fmazl\u0131k \u00e7\u00f6z\u00fcm\u00fc, arabuluculuk, \u00a0\u015firketler ve ticaret hukuku, miras hukuku, aile hukuku, ki\u015fisel verilerin korunmas\u0131 ve ceza hukuku bulunmaktad\u0131r. M\u00fcvekkillerimize en iyi hukuki \u00e7\u00f6z\u00fcmleri sunmak amac\u0131yla uzman avukatlar\u0131m\u0131z, geni\u015f tecr\u00fcbeleri ve bilgi [&hellip;]<\/p>\n","protected":false},"author":1,"featured_media":0,"parent":0,"menu_order":0,"comment_status":"closed","ping_status":"closed","template":"","meta":{"_monsterinsights_skip_tracking":false,"_monsterinsights_sitenote_active":false,"_monsterinsights_sitenote_note":"","_monsterinsights_sitenote_category":0,"footnotes":""},"aioseo_notices":[],"_links":{"self":[{"href":"https:\/\/ozerkochukuk.com\/index.php\/wp-json\/wp\/v2\/pages\/178"}],"collection":[{"href":"https:\/\/ozerkochukuk.com\/index.php\/wp-json\/wp\/v2\/pages"}],"about":[{"href":"https:\/\/ozerkochukuk.com\/index.php\/wp-json\/wp\/v2\/types\/page"}],"author":[{"embeddable":true,"href":"https:\/\/ozerkochukuk.com\/index.php\/wp-json\/wp\/v2\/users\/1"}],"replies":[{"embeddable":true,"href":"https:\/\/ozerkochukuk.com\/index.php\/wp-json\/wp\/v2\/comments?post=178"}],"version-history":[{"count":4,"href":"https:\/\/ozerkochukuk.com\/index.php\/wp-json\/wp\/v2\/pages\/178\/revisions"}],"predecessor-version":[{"id":184,"href":"https:\/\/ozerkochukuk.com\/index.php\/wp-json\/wp\/v2\/pages\/178\/revisions\/184"}],"wp:attachment":[{"href":"https:\/\/ozerkochukuk.com\/index.php\/wp-json\/wp\/v2\/media?parent=178"}],"curies":[{"name":"wp","href":"https:\/\/api.w.org\/{rel}","templated":true}]}}