{"id":2,"date":"2024-02-24T04:39:11","date_gmt":"2024-02-24T01:39:11","guid":{"rendered":"http:\/\/ozerkochukuk.com\/?page_id=2"},"modified":"2024-04-26T13:59:47","modified_gmt":"2024-04-26T10:59:47","slug":"ornek-sayfa","status":"publish","type":"page","link":"https:\/\/ozerkochukuk.com\/index.php\/ornek-sayfa\/","title":{"rendered":"UZMANLIK ALANLARI"},"content":{"rendered":"\t\t<div data-elementor-type=\"wp-page\" data-elementor-id=\"2\" class=\"elementor elementor-2\">\n\t\t\t\t<div class=\"elementor-element elementor-element-084c412 e-flex e-con-boxed e-con e-parent\" data-id=\"084c412\" data-element_type=\"container\" data-settings=\"{&quot;content_width&quot;:&quot;boxed&quot;}\" data-core-v316-plus=\"true\">\n\t\t\t\t\t<div class=\"e-con-inner\">\n\t\t<div class=\"elementor-element elementor-element-4fa2c5f e-con-full e-flex e-con e-child\" data-id=\"4fa2c5f\" data-element_type=\"container\" data-settings=\"{&quot;content_width&quot;:&quot;full&quot;}\">\n\t\t\t\t<div class=\"elementor-element elementor-element-33501d2 elementor-widget elementor-widget-image\" data-id=\"33501d2\" data-element_type=\"widget\" data-widget_type=\"image.default\">\n\t\t\t\t<div class=\"elementor-widget-container\">\n\t\t\t<style>\/*! elementor - v3.19.0 - 26-02-2024 *\/\n.elementor-widget-image{text-align:center}.elementor-widget-image a{display:inline-block}.elementor-widget-image a img[src$=\".svg\"]{width:48px}.elementor-widget-image img{vertical-align:middle;display:inline-block}<\/style>\t\t\t\t\t\t\t<figure class=\"wp-caption\">\n\t\t\t\t\t\t\t\t\t\t\t<a href=\"https:\/\/ozerkochukuk.com\/index.php\/aile-hukuku\/\">\n\t\t\t\t\t\t\t<img fetchpriority=\"high\" decoding=\"async\" width=\"1024\" height=\"1024\" src=\"https:\/\/ozerkochukuk.com\/wp-content\/uploads\/2024\/03\/1-1024x1024.jpg\" class=\"attachment-large size-large wp-image-115\" alt=\"\" srcset=\"https:\/\/ozerkochukuk.com\/wp-content\/uploads\/2024\/03\/1-1024x1024.jpg 1024w, https:\/\/ozerkochukuk.com\/wp-content\/uploads\/2024\/03\/1-300x300.jpg 300w, https:\/\/ozerkochukuk.com\/wp-content\/uploads\/2024\/03\/1-150x150.jpg 150w, https:\/\/ozerkochukuk.com\/wp-content\/uploads\/2024\/03\/1-768x768.jpg 768w, https:\/\/ozerkochukuk.com\/wp-content\/uploads\/2024\/03\/1-1536x1536.jpg 1536w, https:\/\/ozerkochukuk.com\/wp-content\/uploads\/2024\/03\/1.jpg 2000w\" sizes=\"(max-width: 1024px) 100vw, 1024px\" \/>\t\t\t\t\t\t\t\t<\/a>\n\t\t\t\t\t\t\t\t\t\t\t<figcaption class=\"widget-image-caption wp-caption-text\">A\u0130LE HUKUKU<\/figcaption>\n\t\t\t\t\t\t\t\t\t\t<\/figure>\n\t\t\t\t\t\t\t<\/div>\n\t\t\t\t<\/div>\n\t\t\t\t<\/div>\n\t\t<div class=\"elementor-element elementor-element-72ae966 e-con-full e-flex e-con e-child\" data-id=\"72ae966\" data-element_type=\"container\" data-settings=\"{&quot;content_width&quot;:&quot;full&quot;}\">\n\t\t\t\t<div class=\"elementor-element elementor-element-2aba9be elementor-widget elementor-widget-image\" data-id=\"2aba9be\" data-element_type=\"widget\" data-widget_type=\"image.default\">\n\t\t\t\t<div class=\"elementor-widget-container\">\n\t\t\t\t\t\t\t\t\t\t<figure class=\"wp-caption\">\n\t\t\t\t\t\t\t\t\t\t\t<a href=\"https:\/\/ozerkochukuk.com\/index.php\/uyusmazlik-cozumu\/\">\n\t\t\t\t\t\t\t<img decoding=\"async\" width=\"1024\" height=\"1024\" src=\"https:\/\/ozerkochukuk.com\/wp-content\/uploads\/2024\/03\/6-1024x1024.jpg\" class=\"attachment-large size-large wp-image-120\" alt=\"\" srcset=\"https:\/\/ozerkochukuk.com\/wp-content\/uploads\/2024\/03\/6-1024x1024.jpg 1024w, https:\/\/ozerkochukuk.com\/wp-content\/uploads\/2024\/03\/6-300x300.jpg 300w, https:\/\/ozerkochukuk.com\/wp-content\/uploads\/2024\/03\/6-150x150.jpg 150w, https:\/\/ozerkochukuk.com\/wp-content\/uploads\/2024\/03\/6-768x768.jpg 768w, https:\/\/ozerkochukuk.com\/wp-content\/uploads\/2024\/03\/6-1536x1536.jpg 1536w, https:\/\/ozerkochukuk.com\/wp-content\/uploads\/2024\/03\/6.jpg 2000w\" sizes=\"(max-width: 1024px) 100vw, 1024px\" \/>\t\t\t\t\t\t\t\t<\/a>\n\t\t\t\t\t\t\t\t\t\t\t<figcaption class=\"widget-image-caption wp-caption-text\">UYU\u015eMAZLIK \u00c7\u00d6Z\u00dcM\u00dc<\/figcaption>\n\t\t\t\t\t\t\t\t\t\t<\/figure>\n\t\t\t\t\t\t\t<\/div>\n\t\t\t\t<\/div>\n\t\t\t\t<\/div>\n\t\t<div class=\"elementor-element elementor-element-8a617f6 e-con-full e-flex e-con e-child\" data-id=\"8a617f6\" data-element_type=\"container\" data-settings=\"{&quot;content_width&quot;:&quot;full&quot;}\">\n\t\t\t\t<div class=\"elementor-element elementor-element-5cd81bd elementor-widget elementor-widget-image\" data-id=\"5cd81bd\" data-element_type=\"widget\" data-widget_type=\"image.default\">\n\t\t\t\t<div class=\"elementor-widget-container\">\n\t\t\t\t\t\t\t\t\t\t<figure class=\"wp-caption\">\n\t\t\t\t\t\t\t\t\t\t\t<a href=\"https:\/\/ozerkochukuk.com\/index.php\/kisisel-verilerin-korunmasi\/\">\n\t\t\t\t\t\t\t<img decoding=\"async\" width=\"1024\" height=\"1024\" src=\"https:\/\/ozerkochukuk.com\/wp-content\/uploads\/2024\/03\/7-1024x1024.jpg\" class=\"attachment-large size-large wp-image-121\" alt=\"\" srcset=\"https:\/\/ozerkochukuk.com\/wp-content\/uploads\/2024\/03\/7-1024x1024.jpg 1024w, https:\/\/ozerkochukuk.com\/wp-content\/uploads\/2024\/03\/7-300x300.jpg 300w, https:\/\/ozerkochukuk.com\/wp-content\/uploads\/2024\/03\/7-150x150.jpg 150w, https:\/\/ozerkochukuk.com\/wp-content\/uploads\/2024\/03\/7-768x768.jpg 768w, https:\/\/ozerkochukuk.com\/wp-content\/uploads\/2024\/03\/7-1536x1536.jpg 1536w, https:\/\/ozerkochukuk.com\/wp-content\/uploads\/2024\/03\/7.jpg 2000w\" sizes=\"(max-width: 1024px) 100vw, 1024px\" \/>\t\t\t\t\t\t\t\t<\/a>\n\t\t\t\t\t\t\t\t\t\t\t<figcaption class=\"widget-image-caption wp-caption-text\">KVKK<\/figcaption>\n\t\t\t\t\t\t\t\t\t\t<\/figure>\n\t\t\t\t\t\t\t<\/div>\n\t\t\t\t<\/div>\n\t\t\t\t<\/div>\n\t\t<div class=\"elementor-element elementor-element-16e8e9d e-con-full e-flex e-con e-child\" data-id=\"16e8e9d\" data-element_type=\"container\" data-settings=\"{&quot;content_width&quot;:&quot;full&quot;}\">\n\t\t\t\t<div class=\"elementor-element elementor-element-3d3cee1 elementor-widget elementor-widget-image\" data-id=\"3d3cee1\" data-element_type=\"widget\" data-widget_type=\"image.default\">\n\t\t\t\t<div class=\"elementor-widget-container\">\n\t\t\t\t\t\t\t\t\t\t<figure class=\"wp-caption\">\n\t\t\t\t\t\t\t\t\t\t\t<a href=\"https:\/\/ozerkochukuk.com\/index.php\/arabuluculuk\/\">\n\t\t\t\t\t\t\t<img loading=\"lazy\" decoding=\"async\" width=\"1024\" height=\"1024\" src=\"https:\/\/ozerkochukuk.com\/wp-content\/uploads\/2024\/03\/2-1024x1024.jpg\" class=\"attachment-large size-large wp-image-116\" alt=\"\" srcset=\"https:\/\/ozerkochukuk.com\/wp-content\/uploads\/2024\/03\/2-1024x1024.jpg 1024w, https:\/\/ozerkochukuk.com\/wp-content\/uploads\/2024\/03\/2-300x300.jpg 300w, https:\/\/ozerkochukuk.com\/wp-content\/uploads\/2024\/03\/2-150x150.jpg 150w, https:\/\/ozerkochukuk.com\/wp-content\/uploads\/2024\/03\/2-768x768.jpg 768w, https:\/\/ozerkochukuk.com\/wp-content\/uploads\/2024\/03\/2-1536x1536.jpg 1536w, https:\/\/ozerkochukuk.com\/wp-content\/uploads\/2024\/03\/2.jpg 2000w\" sizes=\"(max-width: 1024px) 100vw, 1024px\" \/>\t\t\t\t\t\t\t\t<\/a>\n\t\t\t\t\t\t\t\t\t\t\t<figcaption class=\"widget-image-caption wp-caption-text\">ARABULUCULUK<\/figcaption>\n\t\t\t\t\t\t\t\t\t\t<\/figure>\n\t\t\t\t\t\t\t<\/div>\n\t\t\t\t<\/div>\n\t\t\t\t<div class=\"elementor-element elementor-element-c005928 elementor-widget elementor-widget-image\" data-id=\"c005928\" data-element_type=\"widget\" data-widget_type=\"image.default\">\n\t\t\t\t<div class=\"elementor-widget-container\">\n\t\t\t\t\t\t\t\t\t\t<figure class=\"wp-caption\">\n\t\t\t\t\t\t\t\t\t\t\t<a href=\"https:\/\/ozerkochukuk.com\/index.php\/ceza-davalari-ceza-hukuku\/\">\n\t\t\t\t\t\t\t<img loading=\"lazy\" decoding=\"async\" width=\"1024\" height=\"1024\" src=\"https:\/\/ozerkochukuk.com\/wp-content\/uploads\/2024\/03\/5-1024x1024.jpg\" class=\"attachment-large size-large wp-image-119\" alt=\"\" srcset=\"https:\/\/ozerkochukuk.com\/wp-content\/uploads\/2024\/03\/5-1024x1024.jpg 1024w, https:\/\/ozerkochukuk.com\/wp-content\/uploads\/2024\/03\/5-300x300.jpg 300w, https:\/\/ozerkochukuk.com\/wp-content\/uploads\/2024\/03\/5-150x150.jpg 150w, https:\/\/ozerkochukuk.com\/wp-content\/uploads\/2024\/03\/5-768x768.jpg 768w, https:\/\/ozerkochukuk.com\/wp-content\/uploads\/2024\/03\/5-1536x1536.jpg 1536w, https:\/\/ozerkochukuk.com\/wp-content\/uploads\/2024\/03\/5.jpg 2000w\" sizes=\"(max-width: 1024px) 100vw, 1024px\" \/>\t\t\t\t\t\t\t\t<\/a>\n\t\t\t\t\t\t\t\t\t\t\t<figcaption class=\"widget-image-caption wp-caption-text\">CEZA DAVALARI<\/figcaption>\n\t\t\t\t\t\t\t\t\t\t<\/figure>\n\t\t\t\t\t\t\t<\/div>\n\t\t\t\t<\/div>\n\t\t\t\t<\/div>\n\t\t<div class=\"elementor-element elementor-element-7e0177c e-con-full e-flex e-con e-child\" data-id=\"7e0177c\" data-element_type=\"container\" data-settings=\"{&quot;content_width&quot;:&quot;full&quot;}\">\n\t\t\t\t<div class=\"elementor-element elementor-element-b6b304b elementor-widget elementor-widget-image\" data-id=\"b6b304b\" data-element_type=\"widget\" data-widget_type=\"image.default\">\n\t\t\t\t<div class=\"elementor-widget-container\">\n\t\t\t\t\t\t\t\t\t\t<figure class=\"wp-caption\">\n\t\t\t\t\t\t\t\t\t\t\t<a href=\"https:\/\/ozerkochukuk.com\/index.php\/miras-davalari\/\">\n\t\t\t\t\t\t\t<img loading=\"lazy\" decoding=\"async\" width=\"1024\" height=\"1024\" src=\"https:\/\/ozerkochukuk.com\/wp-content\/uploads\/2024\/03\/4-1024x1024.jpg\" class=\"attachment-large size-large wp-image-118\" alt=\"\" srcset=\"https:\/\/ozerkochukuk.com\/wp-content\/uploads\/2024\/03\/4-1024x1024.jpg 1024w, https:\/\/ozerkochukuk.com\/wp-content\/uploads\/2024\/03\/4-300x300.jpg 300w, https:\/\/ozerkochukuk.com\/wp-content\/uploads\/2024\/03\/4-150x150.jpg 150w, https:\/\/ozerkochukuk.com\/wp-content\/uploads\/2024\/03\/4-768x768.jpg 768w, https:\/\/ozerkochukuk.com\/wp-content\/uploads\/2024\/03\/4-1536x1536.jpg 1536w, https:\/\/ozerkochukuk.com\/wp-content\/uploads\/2024\/03\/4.jpg 2000w\" sizes=\"(max-width: 1024px) 100vw, 1024px\" \/>\t\t\t\t\t\t\t\t<\/a>\n\t\t\t\t\t\t\t\t\t\t\t<figcaption class=\"widget-image-caption wp-caption-text\">M\u0130RAS DAVALARI<\/figcaption>\n\t\t\t\t\t\t\t\t\t\t<\/figure>\n\t\t\t\t\t\t\t<\/div>\n\t\t\t\t<\/div>\n\t\t\t\t<\/div>\n\t\t<div class=\"elementor-element elementor-element-b92f4ba e-con-full e-flex e-con e-child\" data-id=\"b92f4ba\" data-element_type=\"container\" data-settings=\"{&quot;content_width&quot;:&quot;full&quot;}\">\n\t\t\t\t<div class=\"elementor-element elementor-element-6958370 elementor-widget elementor-widget-image\" data-id=\"6958370\" data-element_type=\"widget\" data-widget_type=\"image.default\">\n\t\t\t\t<div class=\"elementor-widget-container\">\n\t\t\t\t\t\t\t\t\t\t<figure class=\"wp-caption\">\n\t\t\t\t\t\t\t\t\t\t\t<a href=\"https:\/\/ozerkochukuk.com\/index.php\/is-hukuku\/\">\n\t\t\t\t\t\t\t<img loading=\"lazy\" decoding=\"async\" width=\"1024\" height=\"1024\" src=\"https:\/\/ozerkochukuk.com\/wp-content\/uploads\/2024\/03\/3-1024x1024.jpg\" class=\"attachment-large size-large wp-image-117\" alt=\"\" srcset=\"https:\/\/ozerkochukuk.com\/wp-content\/uploads\/2024\/03\/3-1024x1024.jpg 1024w, https:\/\/ozerkochukuk.com\/wp-content\/uploads\/2024\/03\/3-300x300.jpg 300w, https:\/\/ozerkochukuk.com\/wp-content\/uploads\/2024\/03\/3-150x150.jpg 150w, https:\/\/ozerkochukuk.com\/wp-content\/uploads\/2024\/03\/3-768x768.jpg 768w, https:\/\/ozerkochukuk.com\/wp-content\/uploads\/2024\/03\/3-1536x1536.jpg 1536w, https:\/\/ozerkochukuk.com\/wp-content\/uploads\/2024\/03\/3.jpg 2000w\" sizes=\"(max-width: 1024px) 100vw, 1024px\" \/>\t\t\t\t\t\t\t\t<\/a>\n\t\t\t\t\t\t\t\t\t\t\t<figcaption class=\"widget-image-caption wp-caption-text\">\u0130\u015e HUKUKU<\/figcaption>\n\t\t\t\t\t\t\t\t\t\t<\/figure>\n\t\t\t\t\t\t\t<\/div>\n\t\t\t\t<\/div>\n\t\t\t\t<\/div>\n\t\t\t\t\t<\/div>\n\t\t\t\t<\/div>\n\t\t\t\t<\/div>\n\t\t","protected":false},"excerpt":{"rendered":"<p>A\u0130LE HUKUKU UYU\u015eMAZLIK \u00c7\u00d6Z\u00dcM\u00dc KVKK ARABULUCULUK CEZA DAVALARI M\u0130RAS DAVALARI \u0130\u015e HUKUKU<\/p>\n","protected":false},"author":1,"featured_media":0,"parent":0,"menu_order":0,"comment_status":"closed","ping_status":"open","template":"","meta":{"_monsterinsights_skip_tracking":false,"_monsterinsights_sitenote_active":false,"_monsterinsights_sitenote_note":"","_monsterinsights_sitenote_category":0,"footnotes":""},"aioseo_notices":[],"_links":{"self":[{"href":"https:\/\/ozerkochukuk.com\/index.php\/wp-json\/wp\/v2\/pages\/2"}],"collection":[{"href":"https:\/\/ozerkochukuk.com\/index.php\/wp-json\/wp\/v2\/pages"}],"about":[{"href":"https:\/\/ozerkochukuk.com\/index.php\/wp-json\/wp\/v2\/types\/page"}],"author":[{"embeddable":true,"href":"https:\/\/ozerkochukuk.com\/index.php\/wp-json\/wp\/v2\/users\/1"}],"replies":[{"embeddable":true,"href":"https:\/\/ozerkochukuk.com\/index.php\/wp-json\/wp\/v2\/comments?post=2"}],"version-history":[{"count":30,"href":"https:\/\/ozerkochukuk.com\/index.php\/wp-json\/wp\/v2\/pages\/2\/revisions"}],"predecessor-version":[{"id":153,"href":"https:\/\/ozerkochukuk.com\/index.php\/wp-json\/wp\/v2\/pages\/2\/revisions\/153"}],"wp:attachment":[{"href":"https:\/\/ozerkochukuk.com\/index.php\/wp-json\/wp\/v2\/media?parent=2"}],"curies":[{"name":"wp","href":"https:\/\/api.w.org\/{rel}","templated":true}]}}