{"id":215,"date":"2024-04-25T13:06:42","date_gmt":"2024-04-25T10:06:42","guid":{"rendered":"https:\/\/ozerkochukuk.com\/?page_id=215"},"modified":"2026-02-14T21:01:55","modified_gmt":"2026-02-14T18:01:55","slug":"av-oner-fazli-ozer","status":"publish","type":"page","link":"https:\/\/ozerkochukuk.com\/index.php\/av-oner-fazli-ozer\/","title":{"rendered":"Av.\u00d6ner Fazl\u0131 \u00d6zer"},"content":{"rendered":"\t\t<div data-elementor-type=\"wp-page\" data-elementor-id=\"215\" class=\"elementor elementor-215\">\n\t\t\t\t<div class=\"elementor-element elementor-element-49fbc071 e-flex e-con-boxed e-con e-parent\" data-id=\"49fbc071\" data-element_type=\"container\" data-settings=\"{&quot;content_width&quot;:&quot;boxed&quot;}\" data-core-v316-plus=\"true\">\n\t\t\t\t\t<div class=\"e-con-inner\">\n\t\t\t\t<div class=\"elementor-element elementor-element-2fc0ce2b elementor-widget elementor-widget-text-editor\" data-id=\"2fc0ce2b\" data-element_type=\"widget\" data-widget_type=\"text-editor.default\">\n\t\t\t\t<div class=\"elementor-widget-container\">\n\t\t\t<style>\/*! elementor - v3.19.0 - 26-02-2024 *\/\n.elementor-widget-text-editor.elementor-drop-cap-view-stacked .elementor-drop-cap{background-color:#69727d;color:#fff}.elementor-widget-text-editor.elementor-drop-cap-view-framed .elementor-drop-cap{color:#69727d;border:3px solid;background-color:transparent}.elementor-widget-text-editor:not(.elementor-drop-cap-view-default) .elementor-drop-cap{margin-top:8px}.elementor-widget-text-editor:not(.elementor-drop-cap-view-default) .elementor-drop-cap-letter{width:1em;height:1em}.elementor-widget-text-editor .elementor-drop-cap{float:left;text-align:center;line-height:1;font-size:50px}.elementor-widget-text-editor .elementor-drop-cap-letter{display:inline-block}<\/style>\t\t\t\t<div style=\"text-align: center; border-color: #e1b46f; border-style: double; border-radius: 150px;\"><p><img fetchpriority=\"high\" decoding=\"async\" class=\"alignnone size-medium wp-image-163\" src=\"http:\/\/ozerkochukuk.com\/wp-content\/uploads\/2024\/04\/535-225x300.png\" alt=\"Profil\" width=\"225\" height=\"300\" srcset=\"https:\/\/ozerkochukuk.com\/wp-content\/uploads\/2024\/04\/535-225x300.png 225w, https:\/\/ozerkochukuk.com\/wp-content\/uploads\/2024\/04\/535-768x1024.png 768w, https:\/\/ozerkochukuk.com\/wp-content\/uploads\/2024\/04\/535-1152x1536.png 1152w, https:\/\/ozerkochukuk.com\/wp-content\/uploads\/2024\/04\/535-1536x2048.png 1536w\" sizes=\"(max-width: 225px) 100vw, 225px\" \/><\/p><h1><strong>Av.\u00d6ner Fazl\u0131 \u00d6ZER<\/strong><\/h1><h3>G\u00d6REV\u0130 : KURUCU &amp; Y\u00d6NET\u0130C\u0130 ORTAK<\/h3><p><strong>E\u011fitim :\u00c7ANKAYA \u00dcN\u0130TERS\u0130TES\u0130 HUKUK MEZUNU 2011<\/strong><br \/><strong>\u00a0Ankara Barosu 2013<\/strong><br \/><strong>Yabanc\u0131 Dil: \u0130ngilizce<\/strong><\/p><p><strong>\u00c7al\u0131\u015fma Alanlar\u0131 :\u0130\u015f ve G\u00fcvenlik Hukuku, Tazminat Hukuku, kira hukuku, icra ve iflas hukuku<\/strong><\/p><\/div><p>\u00a0<\/p>\t\t\t\t\t\t<\/div>\n\t\t\t\t<\/div>\n\t\t\t\t\t<\/div>\n\t\t\t\t<\/div>\n\t\t\t\t<\/div>\n\t\t","protected":false},"excerpt":{"rendered":"<p>Av.\u00d6ner Fazl\u0131 \u00d6ZER G\u00d6REV\u0130 : KURUCU &amp; Y\u00d6NET\u0130C\u0130 ORTAK E\u011fitim :\u00c7ANKAYA \u00dcN\u0130TERS\u0130TES\u0130 HUKUK MEZUNU 2011\u00a0Ankara Barosu 2013Yabanc\u0131 Dil: \u0130ngilizce \u00c7al\u0131\u015fma Alanlar\u0131 :\u0130\u015f ve G\u00fcvenlik Hukuku, Tazminat Hukuku, kira hukuku, icra ve iflas hukuku \u00a0<\/p>\n","protected":false},"author":1,"featured_media":0,"parent":0,"menu_order":0,"comment_status":"closed","ping_status":"closed","template":"","meta":{"_monsterinsights_skip_tracking":false,"_monsterinsights_sitenote_active":false,"_monsterinsights_sitenote_note":"","_monsterinsights_sitenote_category":0,"footnotes":""},"aioseo_notices":[],"_links":{"self":[{"href":"https:\/\/ozerkochukuk.com\/index.php\/wp-json\/wp\/v2\/pages\/215"}],"collection":[{"href":"https:\/\/ozerkochukuk.com\/index.php\/wp-json\/wp\/v2\/pages"}],"about":[{"href":"https:\/\/ozerkochukuk.com\/index.php\/wp-json\/wp\/v2\/types\/page"}],"author":[{"embeddable":true,"href":"https:\/\/ozerkochukuk.com\/index.php\/wp-json\/wp\/v2\/users\/1"}],"replies":[{"embeddable":true,"href":"https:\/\/ozerkochukuk.com\/index.php\/wp-json\/wp\/v2\/comments?post=215"}],"version-history":[{"count":30,"href":"https:\/\/ozerkochukuk.com\/index.php\/wp-json\/wp\/v2\/pages\/215\/revisions"}],"predecessor-version":[{"id":281,"href":"https:\/\/ozerkochukuk.com\/index.php\/wp-json\/wp\/v2\/pages\/215\/revisions\/281"}],"wp:attachment":[{"href":"https:\/\/ozerkochukuk.com\/index.php\/wp-json\/wp\/v2\/media?parent=215"}],"curies":[{"name":"wp","href":"https:\/\/api.w.org\/{rel}","templated":true}]}}