{"id":244,"date":"2024-04-26T12:34:12","date_gmt":"2024-04-26T09:34:12","guid":{"rendered":"https:\/\/ozerkochukuk.com\/?page_id=244"},"modified":"2024-04-26T12:34:12","modified_gmt":"2024-04-26T09:34:12","slug":"av-ozgur-kocum","status":"publish","type":"page","link":"https:\/\/ozerkochukuk.com\/index.php\/av-ozgur-kocum\/","title":{"rendered":"Av.\u00d6zg\u00fcr Ko\u00e7um"},"content":{"rendered":"<div style=\"text-align: center; border-color: #e1b46f; border-style: double; border-radius: 150px;\"><img fetchpriority=\"high\" decoding=\"async\" class=\"alignnone size-medium wp-image-163\" src=\"http:\/\/ozerkochukuk.com\/wp-content\/uploads\/2024\/04\/535-225x300.png\" alt=\"Profil\" width=\"225\" height=\"300\" srcset=\"https:\/\/ozerkochukuk.com\/wp-content\/uploads\/2024\/04\/535-225x300.png 225w, https:\/\/ozerkochukuk.com\/wp-content\/uploads\/2024\/04\/535-768x1024.png 768w, https:\/\/ozerkochukuk.com\/wp-content\/uploads\/2024\/04\/535-1152x1536.png 1152w, https:\/\/ozerkochukuk.com\/wp-content\/uploads\/2024\/04\/535-1536x2048.png 1536w\" sizes=\"(max-width: 225px) 100vw, 225px\" \/><\/p>\n<h1><strong>\u00d6zg\u00fcr KO\u00c7UM<\/strong><\/h1>\n<p><strong>E\u011fitim :\u00c7ANKAYA \u00dcN\u0130TERS\u0130TES\u0130 HUKUK FAK\u00dcLTES\u0130 MEZUNU<br \/>\nG\u00f6revi : Kurucu &#038; Y\u00f6netici Ortak <\/strong><br \/>\n<strong>Baro Kayd\u0131:\u00a0Ankara Barosu <\/strong><br \/>\n<strong>Yabanc\u0131 Dil: \u0130ngilizce<\/strong><\/p>\n<p><strong>\u00c7al\u0131\u015fma Alanlar\u0131 :\u0130\u015f ve G\u00fcvenlik Hukuku, Tazminat Hukuku, kira hukuku, icra ve iflas hukuku<\/strong><\/p>\n<\/div>\n<p>&nbsp;<\/p>\n","protected":false},"excerpt":{"rendered":"<p>\u00d6zg\u00fcr KO\u00c7UM E\u011fitim :\u00c7ANKAYA \u00dcN\u0130TERS\u0130TES\u0130 HUKUK FAK\u00dcLTES\u0130 MEZUNU G\u00f6revi : Kurucu &#038; Y\u00f6netici Ortak Baro Kayd\u0131:\u00a0Ankara Barosu Yabanc\u0131 Dil: \u0130ngilizce \u00c7al\u0131\u015fma Alanlar\u0131 :\u0130\u015f ve G\u00fcvenlik Hukuku, Tazminat Hukuku, kira hukuku, icra ve iflas hukuku &nbsp;<\/p>\n","protected":false},"author":1,"featured_media":0,"parent":0,"menu_order":0,"comment_status":"closed","ping_status":"closed","template":"","meta":{"_monsterinsights_skip_tracking":false,"_monsterinsights_sitenote_active":false,"_monsterinsights_sitenote_note":"","_monsterinsights_sitenote_category":0,"footnotes":""},"aioseo_notices":[],"_links":{"self":[{"href":"https:\/\/ozerkochukuk.com\/index.php\/wp-json\/wp\/v2\/pages\/244"}],"collection":[{"href":"https:\/\/ozerkochukuk.com\/index.php\/wp-json\/wp\/v2\/pages"}],"about":[{"href":"https:\/\/ozerkochukuk.com\/index.php\/wp-json\/wp\/v2\/types\/page"}],"author":[{"embeddable":true,"href":"https:\/\/ozerkochukuk.com\/index.php\/wp-json\/wp\/v2\/users\/1"}],"replies":[{"embeddable":true,"href":"https:\/\/ozerkochukuk.com\/index.php\/wp-json\/wp\/v2\/comments?post=244"}],"version-history":[{"count":2,"href":"https:\/\/ozerkochukuk.com\/index.php\/wp-json\/wp\/v2\/pages\/244\/revisions"}],"predecessor-version":[{"id":246,"href":"https:\/\/ozerkochukuk.com\/index.php\/wp-json\/wp\/v2\/pages\/244\/revisions\/246"}],"wp:attachment":[{"href":"https:\/\/ozerkochukuk.com\/index.php\/wp-json\/wp\/v2\/media?parent=244"}],"curies":[{"name":"wp","href":"https:\/\/api.w.org\/{rel}","templated":true}]}}