{"id":253,"date":"2024-04-26T12:43:18","date_gmt":"2024-04-26T09:43:18","guid":{"rendered":"https:\/\/ozerkochukuk.com\/?page_id=253"},"modified":"2024-04-26T12:43:18","modified_gmt":"2024-04-26T09:43:18","slug":"av-mustafa-melik","status":"publish","type":"page","link":"https:\/\/ozerkochukuk.com\/index.php\/av-mustafa-melik\/","title":{"rendered":"Av.Mustafa MEL\u0130K"},"content":{"rendered":"<div style=\" text-align: center; border-color:#e1b46f;border-style:double;border-radius:150px; \">\n<img fetchpriority=\"high\" decoding=\"async\" class=\"alignnone size-medium wp-image-163\" src=\"http:\/\/ozerkochukuk.com\/wp-content\/uploads\/2024\/04\/535-225x300.png\" alt=\"Profil\" width=\"225\" height=\"300\" srcset=\"https:\/\/ozerkochukuk.com\/wp-content\/uploads\/2024\/04\/535-225x300.png 225w, https:\/\/ozerkochukuk.com\/wp-content\/uploads\/2024\/04\/535-768x1024.png 768w, https:\/\/ozerkochukuk.com\/wp-content\/uploads\/2024\/04\/535-1152x1536.png 1152w, https:\/\/ozerkochukuk.com\/wp-content\/uploads\/2024\/04\/535-1536x2048.png 1536w\" sizes=\"(max-width: 225px) 100vw, 225px\" \/><\/p>\n<h1><strong>Av.Mustafa Melik<\/strong><\/h1>\n<h3>G\u00f6revi : Avukat<\/h3>\n<p><strong>E\u011fitim :\u00c7ankaya \u00dcniversitesi Hukuk Fak\u00fcltesi 2016<\/strong><br \/>\n<strong>\u00a0Kay\u0131tl\u0131 Oldu\u011fu Baro :Ankara Barosu 2013<\/strong><br \/>\n<strong>Yabanc\u0131 Dil: \u0130ngilizce<\/strong><\/p>\n<p><strong>\u00c7al\u0131\u015fma Alanlar\u0131 :Ceza Hukuku,Aile Hukuku,Miras Hukuku<\/strong><\/p>\n<\/div>\n<p>&nbsp;<\/p>\n","protected":false},"excerpt":{"rendered":"<p>Av.Mustafa Melik G\u00f6revi : Avukat E\u011fitim :\u00c7ankaya \u00dcniversitesi Hukuk Fak\u00fcltesi 2016 \u00a0Kay\u0131tl\u0131 Oldu\u011fu Baro :Ankara Barosu 2013 Yabanc\u0131 Dil: \u0130ngilizce \u00c7al\u0131\u015fma Alanlar\u0131 :Ceza Hukuku,Aile Hukuku,Miras Hukuku &nbsp;<\/p>\n","protected":false},"author":1,"featured_media":0,"parent":0,"menu_order":0,"comment_status":"closed","ping_status":"closed","template":"","meta":{"_monsterinsights_skip_tracking":false,"_monsterinsights_sitenote_active":false,"_monsterinsights_sitenote_note":"","_monsterinsights_sitenote_category":0,"footnotes":""},"aioseo_notices":[],"_links":{"self":[{"href":"https:\/\/ozerkochukuk.com\/index.php\/wp-json\/wp\/v2\/pages\/253"}],"collection":[{"href":"https:\/\/ozerkochukuk.com\/index.php\/wp-json\/wp\/v2\/pages"}],"about":[{"href":"https:\/\/ozerkochukuk.com\/index.php\/wp-json\/wp\/v2\/types\/page"}],"author":[{"embeddable":true,"href":"https:\/\/ozerkochukuk.com\/index.php\/wp-json\/wp\/v2\/users\/1"}],"replies":[{"embeddable":true,"href":"https:\/\/ozerkochukuk.com\/index.php\/wp-json\/wp\/v2\/comments?post=253"}],"version-history":[{"count":1,"href":"https:\/\/ozerkochukuk.com\/index.php\/wp-json\/wp\/v2\/pages\/253\/revisions"}],"predecessor-version":[{"id":254,"href":"https:\/\/ozerkochukuk.com\/index.php\/wp-json\/wp\/v2\/pages\/253\/revisions\/254"}],"wp:attachment":[{"href":"https:\/\/ozerkochukuk.com\/index.php\/wp-json\/wp\/v2\/media?parent=253"}],"curies":[{"name":"wp","href":"https:\/\/api.w.org\/{rel}","templated":true}]}}