{"id":56,"date":"2024-03-07T14:26:59","date_gmt":"2024-03-07T11:26:59","guid":{"rendered":"https:\/\/ozerkochukuk.com\/?page_id=56"},"modified":"2024-03-07T14:26:59","modified_gmt":"2024-03-07T11:26:59","slug":"aile-hukuku","status":"publish","type":"page","link":"https:\/\/ozerkochukuk.com\/index.php\/aile-hukuku\/","title":{"rendered":"Aile Hukuku"},"content":{"rendered":"<h1 class=\"page-title\">Aile (Bo\u015fanma) Hukuku<\/h1>\n<div class=\"taxonomy-description entry\">\n<h2>Aile Hukuku:<\/h2>\n<p>Aile Hukuku, toplumun temel ta\u015f\u0131 olan aile kurumuna ili\u015fkin hukuki d\u00fczenlemeleri kapsayan geni\u015f bir hukuk dal\u0131d\u0131r. Aile hukuku, evlilik,\u00a0bo\u015fanma, nafaka, mal rejimleri, \u00e7ocuk haklar\u0131 ve velayet gibi bir\u00e7ok \u00f6nemli konuyu i\u00e7erisinde bar\u0131nd\u0131r\u0131r. Bu nedenle, bu alana ili\u015fkin bilgi sahibi olmak her birey i\u00e7in b\u00fcy\u00fck \u00f6nem ta\u015f\u0131r.<\/p>\n<p>Aile Hukuku\u2019nun temel prensipleri aras\u0131nda ailenin korunmas\u0131 yer almaktad\u0131r. Bu prensibe g\u00f6re, aile bir toplumun temel yap\u0131 ta\u015f\u0131d\u0131r ve devletin de aileyi korumas\u0131 gerekmektedir. Aile hukuku, aile bireylerinin haklar\u0131n\u0131 ve sorumluluklar\u0131n\u0131 belirleyerek ailenin korunmas\u0131n\u0131 sa\u011flar.<\/p>\n<p>Aile Hukuku\u2019nun bir di\u011fer temel prensibi ise e\u015fitlik ilkesidir. Bu prensibe g\u00f6re, e\u015fler aras\u0131nda e\u015fitlik ilkesi uygulan\u0131r. Bu sayede aile i\u00e7indeki her bireyin haklar\u0131 ve sorumluluklar\u0131 e\u015fit \u015fekilde korunur.<\/p>\n<p>Aile Hukuku\u2019nun bir di\u011fer \u00f6nemli prensibi ise \u00e7ocuklar\u0131n korunmas\u0131d\u0131r. Bu prensibe g\u00f6re, \u00e7ocuklar\u0131n fiziksel, zihinsel ve duygusal geli\u015fimleri korunarak yeti\u015ftirilmeleri gerekmektedir. Aile hukuku, \u00e7ocuklar\u0131n korunmas\u0131 ve haklar\u0131n\u0131n korunmas\u0131 i\u00e7in gerekli d\u00fczenlemeleri yapar.<\/p>\n<p>Aile Hukuku\u2019nun bir di\u011fer temel prensibi ise aile birli\u011finin korunmas\u0131d\u0131r. Bu prensibe g\u00f6re, aile i\u00e7indeki bireyler aras\u0131ndaki ili\u015fkilerin sa\u011fl\u0131kl\u0131 bir \u015fekilde devam etmesi ve aile birli\u011finin korunmas\u0131 gerekmektedir. Bu sayede aile i\u00e7indeki sorunlar \u00e7\u00f6z\u00fclebilir ve aile birli\u011fi devam ettirilebilir.<\/p>\n<p>Blogumda yer verdi\u011fim \u201cAile (Bo\u015fanma) Hukuku\u201d kategorisinde, bir\u00a0bo\u015fanma avukat\u0131\u00a0olarak sizlere bu alanda bilgilenmeniz i\u00e7in \u00f6nemli yaz\u0131lar sunuyorum. Bu yaz\u0131lar, aile hukukunun geni\u015f spektrumlu yap\u0131s\u0131n\u0131 g\u00f6z \u00f6n\u00fcnde bulundurarak, \u00e7e\u015fitli konularda detayl\u0131 bilgi vermek \u00fczere haz\u0131rlanm\u0131\u015ft\u0131r.<\/p>\n<h2>Bo\u015fanma Hukuku:<\/h2>\n<p><strong>Bo\u015fanma hukuku<\/strong>, aile hukukunun en \u00f6nemli alt dallar\u0131ndan biridir ve hukuki s\u00fcre\u00e7ler a\u00e7\u0131s\u0131ndan olduk\u00e7a karma\u015f\u0131kt\u0131r.\u00a0Bo\u015fanma s\u00fcrecinde, taraflar\u0131n haklar\u0131n\u0131 korumak ve s\u00fcreci en adil \u015fekilde sonu\u00e7land\u0131rmak i\u00e7in do\u011fru hukuki bilgiye ihtiya\u00e7 duyulur.<\/p>\n<blockquote><p>\u201cHer birey, aile hukukuna ili\u015fkin temel bilgilere sahip olmal\u0131d\u0131r. \u00c7\u00fcnk\u00fc bu bilgiler, ki\u015finin aile ya\u015fam\u0131nda kar\u015f\u0131la\u015fabilece\u011fi hukuki sorunlar\u0131 \u00e7\u00f6zme yetene\u011fini geli\u015ftirir.\u201d<\/p><\/blockquote>\n<p>A\u015fa\u011f\u0131da, blogumda yer alan Aile (Bo\u015fanma) Hukuku kategorisindeki yaz\u0131lar\u0131n genel bir \u00f6zetini bulabilirsiniz:<\/p>\n<ul>\n<li><strong>Evlilik Hukuku:<\/strong>\u00a0Evlilik kurumuna dair yasal d\u00fczenlemeleri, evlilik s\u00f6zle\u015fmelerini ve evlilikte e\u015fler aras\u0131ndaki hukuki ili\u015fkileri ele al\u0131r.<\/li>\n<li><strong>Bo\u015fanma Hukuku:<\/strong>\u00a0Bo\u015fanma s\u00fcrecine dair hukuki bilgileri, nafaka ve mal payla\u015f\u0131m\u0131 konular\u0131n\u0131 kapsar.<\/li>\n<li><strong>\u00c7ocuk Haklar\u0131 ve Velayet:<\/strong>\u00a0Aile Hukukunda \u00e7ocuk haklar\u0131 ve velayet, bo\u015fanma s\u00fcrecinin en hassas ve karma\u015f\u0131k alanlar\u0131ndan biridir. \u00c7ocuklar\u0131n ya\u015fam kalitesini, psikolojik durumunu ve gelece\u011fini do\u011frudan etkileyen bu konu, en adil ve sa\u011fl\u0131kl\u0131 \u015fekilde \u00e7\u00f6z\u00fcmlenmelidir. Velayet hakk\u0131, \u00e7ocu\u011fun ebeveyni ile ya\u015fama hakk\u0131d\u0131r ve bu hakk\u0131n kimde olaca\u011f\u0131na karar verilirken, yarg\u0131\u00e7 \u00e7ocu\u011fun en iyi \u00e7\u0131karlar\u0131n\u0131 g\u00f6zetir. Bu s\u00fcre\u00e7te, \u00e7ocu\u011fun ya\u015f\u0131, ebeveynlerin ekonomik ve psikolojik durumu, \u00e7ocu\u011fun mevcut ya\u015fam d\u00fczeni ve \u00e7ocu\u011fun kendi tercihi gibi bir\u00e7ok fakt\u00f6r g\u00f6z \u00f6n\u00fcnde bulundurulur. Aile Hukukunda velayet davalar\u0131, \u00e7ocuklar\u0131n haklar\u0131na ve \u00e7ocuklar\u0131n en iyi \u00e7\u0131karlar\u0131na sayg\u0131 g\u00f6stermek zorundad\u0131r.<\/li>\n<li><strong>E\u015fler aras\u0131nda mal payla\u015f\u0131m\u0131:\u00a0<\/strong>Mal payla\u015f\u0131m\u0131, bo\u015fanma hukukunun en karma\u015f\u0131k ve hassas konular\u0131ndan biridir. T\u00fcrk Medeni Kanunu\u2019na g\u00f6re, e\u015fler aras\u0131nda mal payla\u015f\u0131m\u0131, evlilik birli\u011fi s\u00fcresince birikmi\u015f olan mal varl\u0131\u011f\u0131n\u0131n adil bir \u015fekilde payla\u015ft\u0131r\u0131lmas\u0131d\u0131r. Ancak, mal payla\u015f\u0131m\u0131 s\u00fcrecinde pek \u00e7ok farkl\u0131 fakt\u00f6r g\u00f6z \u00f6n\u00fcnde bulundurulur. \u00d6rne\u011fin, e\u015flerin evlilik s\u00fcresinceki katk\u0131lar\u0131, \u00e7ocuklar\u0131n durumu, e\u015flerin ekonomik durumlar\u0131 ve daha fazlas\u0131. Bu nedenle, bo\u015fanma s\u00fcrecinde profesyonel bir hukuki yard\u0131m almak, mal payla\u015f\u0131m\u0131 s\u00fcrecini daha adil ve sorunsuz bir hale getirebilir.<\/li>\n<li><strong>Ziynet E\u015fyas\u0131 Alaca\u011f\u0131 Davas\u0131:\u00a0<\/strong>Ziynet e\u015fyas\u0131 alaca\u011f\u0131 davas\u0131, genellikle \u00e7iftler aras\u0131nda bo\u015fanman\u0131n ard\u0131ndan ortaya \u00e7\u0131kan bir durumdur. T\u00fcrk Medeni Kanunu\u2019na g\u00f6re, ziynet e\u015fyalar\u0131 genellikle evlilik s\u0131ras\u0131nda e\u015flere tak\u0131lan veya e\u015flere hediye edilen de\u011ferli e\u015fyalard\u0131r. Bunlar genellikle tak\u0131 ve m\u00fccevher gibi y\u00fcksek de\u011ferli e\u015fyalar\u0131 i\u00e7erir. E\u011fer evlilik sona ererse ve bu e\u015fyalar\u0131n m\u00fclkiyeti hakk\u0131nda anla\u015fmazl\u0131k olursa, bir ziynet e\u015fyas\u0131 alaca\u011f\u0131 davas\u0131 a\u00e7\u0131labilir. Davan\u0131n sonu\u00e7lanmas\u0131, \u00e7iftlerin bu e\u015fyalar\u0131 kimin alaca\u011f\u0131n\u0131 belirleyecektir. Bu durumda, davay\u0131 a\u00e7an taraf genellikle e\u015fyalar\u0131n geri verilmesini talep eder.<\/li>\n<li><strong>E\u015fya Alaca\u011f\u0131 Davas\u0131:\u00a0<\/strong>E\u015fya Alaca\u011f\u0131 Davas\u0131, bo\u015fanma s\u00fcrecinde veya sonras\u0131nda, e\u015fler aras\u0131nda payla\u015f\u0131lamayan veya anla\u015fmazl\u0131k olu\u015fturan e\u015fyalar\u0131n hukuki yoldan tespit edilip payla\u015ft\u0131r\u0131lmas\u0131n\u0131 sa\u011flamaktad\u0131r. Bu dava, genellikle e\u015fler aras\u0131nda mal payla\u015f\u0131m\u0131 ile ilgili anla\u015fmazl\u0131klar sonucunda ba\u015fvurulan bir hukuki s\u00fcre\u00e7tir. Bo\u015fanma davas\u0131 ile ayn\u0131 anda a\u00e7\u0131labilir veya bo\u015fanma karar\u0131 verildikten sonra da a\u00e7\u0131labilir. E\u015fya alaca\u011f\u0131 davas\u0131n\u0131n a\u00e7\u0131labilmesi i\u00e7in, payla\u015f\u0131lamayan e\u015fyalar\u0131n evlilik birli\u011fi i\u00e7inde edinilmi\u015f olmas\u0131 gerekmektedir. Bu dava, maddi ve manevi tazminat taleplerini de i\u00e7erebilir. Ancak, t\u00fcm bu s\u00fcre\u00e7lerin hukuki boyutta y\u00fcr\u00fct\u00fclmesi ve ma\u011fduriyetlerin giderilmesi i\u00e7in hukuki destek al\u0131nmas\u0131 \u00f6nemlidir.<\/li>\n<\/ul>\n<p>Her bir yaz\u0131m\u0131z, hukuk dilini anla\u015f\u0131l\u0131r k\u0131lmak ve aile hukukuna ili\u015fkin temel bilgileri aktarmak i\u00e7in titizlikle haz\u0131rlanm\u0131\u015ft\u0131r. Bu yaz\u0131lar\u0131 okuyarak, aile hukuku konusunda bilgi sahibi olabilir ve hukuki s\u00fcre\u00e7lerle kar\u015f\u0131la\u015ft\u0131\u011f\u0131n\u0131zda ne yapman\u0131z gerekti\u011fini daha iyi anlayabilirsiniz.<\/p>\n<\/div>\n","protected":false},"excerpt":{"rendered":"<p>Aile (Bo\u015fanma) Hukuku Aile Hukuku: Aile Hukuku, toplumun temel ta\u015f\u0131 olan aile kurumuna ili\u015fkin hukuki d\u00fczenlemeleri kapsayan geni\u015f bir hukuk dal\u0131d\u0131r. Aile hukuku, evlilik,\u00a0bo\u015fanma, nafaka, mal rejimleri, \u00e7ocuk haklar\u0131 ve velayet gibi bir\u00e7ok \u00f6nemli konuyu i\u00e7erisinde bar\u0131nd\u0131r\u0131r. Bu nedenle, bu alana ili\u015fkin bilgi sahibi olmak her birey i\u00e7in b\u00fcy\u00fck \u00f6nem ta\u015f\u0131r. Aile Hukuku\u2019nun temel prensipleri [&hellip;]<\/p>\n","protected":false},"author":1,"featured_media":0,"parent":0,"menu_order":0,"comment_status":"closed","ping_status":"closed","template":"","meta":{"_monsterinsights_skip_tracking":false,"_monsterinsights_sitenote_active":false,"_monsterinsights_sitenote_note":"","_monsterinsights_sitenote_category":0,"footnotes":""},"aioseo_notices":[],"_links":{"self":[{"href":"https:\/\/ozerkochukuk.com\/index.php\/wp-json\/wp\/v2\/pages\/56"}],"collection":[{"href":"https:\/\/ozerkochukuk.com\/index.php\/wp-json\/wp\/v2\/pages"}],"about":[{"href":"https:\/\/ozerkochukuk.com\/index.php\/wp-json\/wp\/v2\/types\/page"}],"author":[{"embeddable":true,"href":"https:\/\/ozerkochukuk.com\/index.php\/wp-json\/wp\/v2\/users\/1"}],"replies":[{"embeddable":true,"href":"https:\/\/ozerkochukuk.com\/index.php\/wp-json\/wp\/v2\/comments?post=56"}],"version-history":[{"count":1,"href":"https:\/\/ozerkochukuk.com\/index.php\/wp-json\/wp\/v2\/pages\/56\/revisions"}],"predecessor-version":[{"id":58,"href":"https:\/\/ozerkochukuk.com\/index.php\/wp-json\/wp\/v2\/pages\/56\/revisions\/58"}],"wp:attachment":[{"href":"https:\/\/ozerkochukuk.com\/index.php\/wp-json\/wp\/v2\/media?parent=56"}],"curies":[{"name":"wp","href":"https:\/\/api.w.org\/{rel}","templated":true}]}}