{"id":63,"date":"2024-03-07T14:32:18","date_gmt":"2024-03-07T11:32:18","guid":{"rendered":"https:\/\/ozerkochukuk.com\/?page_id=63"},"modified":"2024-04-26T14:00:52","modified_gmt":"2024-04-26T11:00:52","slug":"ceza-davalari-ceza-hukuku","status":"publish","type":"page","link":"https:\/\/ozerkochukuk.com\/index.php\/ceza-davalari-ceza-hukuku\/","title":{"rendered":"Ceza Davalar\u0131 Ceza Hukuku"},"content":{"rendered":"<header class=\"entry-header-outer\">\n<div class=\"entry-header\">\n<h1 class=\"post-title entry-title\">Ceza Davalar\u0131<\/h1>\n<\/div>\n<\/header>\n<div class=\"entry-content entry clearfix\">\n<p>Devletin, kanunla d\u00fczenledi\u011fi ve h\u00fck\u00fcmle de uygulanmas\u0131n\u0131 sa\u011flad\u0131\u011f\u0131 cezan\u0131n genel amac\u0131, i\u015flenen su\u00e7 ile bozulan kamu d\u00fczenini yeniden tesis etmek ve su\u00e7 i\u015fleyenleri \u0131slah ederek topluma kazand\u0131rmakt\u0131r.<\/p>\n<p>S\u00f6z konusu s\u00fcre\u00e7 ceza adalet sistemini te\u015fkil eder. \u0130\u015flenen bir su\u00e7ta maddi ger\u00e7e\u011fe ula\u015fmak i\u00e7in ba\u015fvurulan ceza muhakemesi ise su\u00e7 i\u015flendi\u011finin \u00f6\u011frenilmesiyle ba\u015flay\u0131p, a\u00e7\u0131lan kamu davas\u0131 ve re sen yap\u0131lan ara\u015ft\u0131rma ile var\u0131lan yarg\u0131lama sonucunda, san\u0131k veya san\u0131klar hakk\u0131nda bir h\u00fck\u00fcm verilmesine kadar ge\u00e7en s\u00fcreci ifade eder.<\/p>\n<p>S\u00fcre\u00e7 ne kadar \u00f6zverili i\u015flerse i\u015flesin ve devletin adalet mekanizmas\u0131 ne kadar denetlenirse denetlensin gerek medyadan gerekse haricen, y\u0131llarca haks\u0131z bir surette cezaevinde kalan ya da y\u0131llarca yarg\u0131lama s\u00fcreci ya\u015fay\u0131p da beraat eden ki\u015fileri duymu\u015f ya da g\u00f6rm\u00fc\u015fs\u00fcn\u00fczd\u00fcr. Hatta bu hususta filmler, diziler, tiyatro eserleri dahi yap\u0131lm\u0131\u015ft\u0131r.<\/p>\n<p>Bazen ba\u015fkalar\u0131n\u0131n uydurdu\u011fu veya kollu\u011fun hatal\u0131 ya da eksik inceleme neticesinde ula\u015ft\u0131\u011f\u0131 deliller nedeniyle hatta bazen sadece ba\u015fkalar\u0131n\u0131n aleyhine yasa d\u0131\u015f\u0131 delil \u00fcretmekle me\u015fgul olan gizli yap\u0131lanmalar\u0131n y\u00f6nlendirmeleri ile y\u0131llarca adliye koridorlar\u0131 ve cezaevi aras\u0131nda mekik dokuyan ki\u015filerin hikayelerini okumu\u015fsunuzdur.<\/p>\n<p>T\u00fcm bunlar\u0131n yan\u0131 s\u0131ra hatal\u0131 de\u011ferlendirme ve eksik inceleme neticesinde ilk derece mahkemeleri taraf\u0131ndan verilen mahkumiyet kararlar\u0131n\u0131n Yarg\u0131tay taraf\u0131ndan \u00e7o\u011funlukla san\u0131k lehine bozuldu\u011funu ve san\u0131klar\u0131n beraat etti\u011fi hususu apa\u00e7\u0131k bir ger\u00e7ektir.<\/p>\n<p>T\u00fcm bu ger\u00e7ekler Ceza Hukukunun temel ilkeleri olan Masumiyet Karinesinin ve Savunma Hakk\u0131n\u0131n K\u0131s\u0131tlanamayaca\u011f\u0131 ilkelerinin uygulamadaki \u00f6nemini ortaya koymaktad\u0131r.<\/p>\n<p>Ceza Yarg\u0131lamas\u0131 ba\u011flam\u0131nda savunma: su\u00e7 i\u015flendi\u011finden \u015f\u00fcphe edilen ki\u015finin, y\u00fcklenen su\u00e7u i\u015flemedi\u011fini veya iddia edildi\u011finden daha az bir cezay\u0131 hakketti\u011fini yahut fiilin hukuka ayk\u0131r\u0131 olmad\u0131\u011f\u0131n\u0131 yada baz\u0131 kanuni nedenlerle cezaland\u0131r\u0131lmamas\u0131 gerekti\u011fini yetkili makam \u00f6n\u00fcnde ileri s\u00fcrme demektir.<\/p>\n<p>Bundan \u00e7\u0131kan sonu\u00e7; savunman\u0131n nihai amac\u0131 san\u0131\u011f\u0131n\u0131n beraat etmesini yada lehine olan kanun h\u00fck\u00fcmlerinin uygulanmak suretiyle daha az bir ceza ile cezaland\u0131r\u0131lmas\u0131n\u0131 sa\u011flamaya y\u00f6neliktir.<\/p>\n<p>Gaziantep Avukat Ali DEN\u0130Z Avukatl\u0131k B\u00fcrosu, Gaziantep ilinde Ceza Avukat\u0131 olarak gerek soru\u015fturma a\u015famas\u0131nda, karakolda ve Cumhuriyet Savc\u0131l\u0131\u011f\u0131nda ifade al\u0131m\u0131 s\u0131ras\u0131nda hukuki yard\u0131m ve haz\u0131r bulunma ile Sorguda m\u00fcvekkillerini temsil faaliyetinde bulundu\u011fu gibi yine Sulh Ceza Mahkemesi, Asliye Ceza Mahkemesi, A\u011f\u0131r Ceza Mahkemesi ve \u00c7ocuk Mahkemesi\u2019nde ceza avukat\u0131 olarak m\u00fcvekkillerini taraf s\u0131fatlar\u0131na g\u00f6re Kat\u0131lan, Ma\u011fdur, M\u00fc\u015fteki Vekili veya San\u0131k m\u00fcdafi olarak temsil etmektedir.<\/p>\n<p>Ceza Davalar\u0131 ve Ceza Yarg\u0131lamas\u0131na ili\u015fkin daha detayl\u0131 bilgilere\u00a0blog\u00a0b\u00f6l\u00fcm\u00fcnden ula\u015fabilece\u011finiz gibi ileti\u015fim kanallar\u0131 ile bize ula\u015fabilirsiniz.<\/p>\n<\/div>\n","protected":false},"excerpt":{"rendered":"<p>Ceza Davalar\u0131 Devletin, kanunla d\u00fczenledi\u011fi ve h\u00fck\u00fcmle de uygulanmas\u0131n\u0131 sa\u011flad\u0131\u011f\u0131 cezan\u0131n genel amac\u0131, i\u015flenen su\u00e7 ile bozulan kamu d\u00fczenini yeniden tesis etmek ve su\u00e7 i\u015fleyenleri \u0131slah ederek topluma kazand\u0131rmakt\u0131r. S\u00f6z konusu s\u00fcre\u00e7 ceza adalet sistemini te\u015fkil eder. \u0130\u015flenen bir su\u00e7ta maddi ger\u00e7e\u011fe ula\u015fmak i\u00e7in ba\u015fvurulan ceza muhakemesi ise su\u00e7 i\u015flendi\u011finin \u00f6\u011frenilmesiyle ba\u015flay\u0131p, a\u00e7\u0131lan kamu davas\u0131 [&hellip;]<\/p>\n","protected":false},"author":1,"featured_media":0,"parent":0,"menu_order":0,"comment_status":"closed","ping_status":"closed","template":"","meta":{"_monsterinsights_skip_tracking":false,"_monsterinsights_sitenote_active":false,"_monsterinsights_sitenote_note":"","_monsterinsights_sitenote_category":0,"footnotes":""},"aioseo_notices":[],"_links":{"self":[{"href":"https:\/\/ozerkochukuk.com\/index.php\/wp-json\/wp\/v2\/pages\/63"}],"collection":[{"href":"https:\/\/ozerkochukuk.com\/index.php\/wp-json\/wp\/v2\/pages"}],"about":[{"href":"https:\/\/ozerkochukuk.com\/index.php\/wp-json\/wp\/v2\/types\/page"}],"author":[{"embeddable":true,"href":"https:\/\/ozerkochukuk.com\/index.php\/wp-json\/wp\/v2\/users\/1"}],"replies":[{"embeddable":true,"href":"https:\/\/ozerkochukuk.com\/index.php\/wp-json\/wp\/v2\/comments?post=63"}],"version-history":[{"count":2,"href":"https:\/\/ozerkochukuk.com\/index.php\/wp-json\/wp\/v2\/pages\/63\/revisions"}],"predecessor-version":[{"id":265,"href":"https:\/\/ozerkochukuk.com\/index.php\/wp-json\/wp\/v2\/pages\/63\/revisions\/265"}],"wp:attachment":[{"href":"https:\/\/ozerkochukuk.com\/index.php\/wp-json\/wp\/v2\/media?parent=63"}],"curies":[{"name":"wp","href":"https:\/\/api.w.org\/{rel}","templated":true}]}}