{"id":67,"date":"2024-03-07T14:30:14","date_gmt":"2024-03-07T11:30:14","guid":{"rendered":"https:\/\/ozerkochukuk.com\/?page_id=67"},"modified":"2024-03-07T14:30:14","modified_gmt":"2024-03-07T11:30:14","slug":"arabuluculuk","status":"publish","type":"page","link":"https:\/\/ozerkochukuk.com\/index.php\/arabuluculuk\/","title":{"rendered":"Arabuluculuk"},"content":{"rendered":"<div class=\"mb-4\">\n<h2 class=\"h5 mb-3\">Arabuluculuk Nedir?<\/h2>\n<\/div>\n<div class=\"mb-5\">\n<p align=\"justify\">Arabuluculuk, Hukuk Uyu\u015fmazl\u0131klar\u0131nda Arabuluculuk Kanunu kapsam\u0131nda kabul edilmi\u015f, mahkeme d\u0131\u015f\u0131, etkin bir \u00e7\u00f6z\u00fcm yoludur.Taraflar, aralar\u0131ndaki uyu\u015fmazl\u0131\u011f\u0131, bir \u201carabulucunun\u201d yard\u0131m\u0131yla, birlikte g\u00f6r\u00fc\u015ferek ortak bir \u00e7\u00f6z\u00fcme ula\u015fabilirler.<\/p>\n<p align=\"justify\">Arabuluculuk y\u00f6nteminde, bu \u00e7\u00f6z\u00fcm do\u011frultusunda olu\u015fturulan anla\u015fma, \u201cicra edilebilirlik \u015ferhi\u201d almak kayd\u0131yla mahkeme karar\u0131 yerine ge\u00e7er. Uyu\u015fmazl\u0131k s\u00fcrecinde arabuluculuktan yararlansan\u0131z bile, \u00e7\u00f6z\u00fcme ula\u015famad\u0131\u011f\u0131n\u0131zda her zaman yarg\u0131 yoluna ba\u015fvurman\u0131z olanakl\u0131d\u0131r.<\/p>\n<p align=\"justify\">Arabuluculu\u011fun amac\u0131 kimin kazan\u0131p kimin kaybedece\u011fine karar vermek olmay\u0131p, taraflar\u0131n gereksinimleri do\u011frultusunda en uygun \u00e7\u00f6z\u00fcm yolunu bulabilmektir.<\/p>\n<div class=\"mb-4\">\n<h2 class=\"h5 mb-3\">Arabuluculu\u011fa Uygun Konular<\/h2>\n<\/div>\n<div class=\"mb-5\">\n<p align=\"justify\">Arabuluculuk; yabanc\u0131l\u0131k unsuru ta\u015f\u0131yanlar da dahil olmak \u00fczere taraflar\u0131n \u00fczerinde serbest\u00e7e tasarruf edebilecekleri i\u015f ve i\u015flemlerden kaynakl\u0131 \u00f6zel hukuk uyu\u015fmazl\u0131klar\u0131n\u0131n \u00e7\u00f6z\u00fcmlenmesinde uygulan\u0131r.<\/p>\n<p align=\"justify\">Bunlardan Baz\u0131lar\u0131;<\/p>\n<ul>\n<li>\u0130\u015f\u00e7i ile i\u015fveren aras\u0131ndaki her t\u00fcrl\u00fc i\u015f\u00e7ilik alacaklar\u0131 ile tazminatlar\u0131ndan kaynakl\u0131 uyu\u015fmazl\u0131klar,<\/li>\n<\/ul>\n<ul>\n<li>Ticaret Hukuku kapsam\u0131nda ve Bor\u00e7lar Hukuku kapsam\u0131nda \u015firketler aras\u0131ndaki, tacirler aras\u0131ndaki veya \u015firketler ile tacirler aras\u0131ndaki uyu\u015fmazl\u0131klar,<\/li>\n<\/ul>\n<ul>\n<li>Kat kar\u015f\u0131l\u0131\u011f\u0131 in\u015faat s\u00f6zle\u015fmesinden kaynakl\u0131 uyu\u015fmazl\u0131klar,<\/li>\n<\/ul>\n<ul>\n<li>Kirac\u0131, kiralayan aras\u0131ndaki uyu\u015fmazl\u0131klar,<\/li>\n<\/ul>\n<ul>\n<li>Kat m\u00fclkiyetinden kaynakl\u0131 uyu\u015fmazl\u0131klar,<\/li>\n<\/ul>\n<ul>\n<li>Taraflar ve \u015firketler aras\u0131ndaki alacak verecek konular\u0131ndaki uyu\u015fmazl\u0131klar,<\/li>\n<\/ul>\n<ul>\n<li>Ortakl\u0131\u011f\u0131n giderilmesi konusundaki uyu\u015fmazl\u0131klar.\n<div class=\"mb-4\">\n<h2><\/h2>\n<h2 class=\"h5 mb-3\">Arabuluculu\u011fun Yararlar\u0131 Nelerdir?<\/h2>\n<\/div>\n<div class=\"mb-5\">\n<ul>\n<li>Mahkemeden daha k\u0131sa s\u00fcrer ve ekonomiktir.<\/li>\n<\/ul>\n<ul>\n<li>Arabuluculuk anla\u015fmas\u0131 mahkeme karar\u0131na e\u015fde\u011ferdir.<\/li>\n<\/ul>\n<ul>\n<li>Arabulucunuzu kendiniz se\u00e7ebilirsiniz.<\/li>\n<\/ul>\n<ul>\n<li>Uyu\u015fmazl\u0131\u011f\u0131n her a\u015famas\u0131nda ba\u015fvurabilirsiniz.<\/li>\n<\/ul>\n<ul>\n<li>Arabuluculuk s\u00fcrecinde uyu\u015fmazl\u0131klar\u0131n\u0131z\u0131 rahat bir ortamda ve a\u00e7\u0131k\u00e7a konu\u015fabilirsiniz.<\/li>\n<\/ul>\n<ul>\n<li>S\u00fcre\u00e7te konu\u015fulan her \u015fey gizli tutulur.<\/li>\n<\/ul>\n<ul>\n<li>Bu durum ticari itibar ve bilgiler ile aile mahremiyeti a\u00e7\u0131s\u0131ndan b\u00fcy\u00fck \u00f6nem ta\u015f\u0131r.<\/li>\n<\/ul>\n<ul>\n<li>Taraflar kendi \u00e7\u00f6z\u00fcmlerini bulduklar\u0131ndan anla\u015fmazl\u0131klar ortadan kalkarken ili\u015fkiler de s\u00fcrd\u00fcr\u00fclebilir.<\/li>\n<\/ul>\n<ul>\n<li>Arabuluculu\u011fa ba\u015fvurmakla mahkemeye gitme hakk\u0131n\u0131z\u0131 kaybetmezsiniz.<\/li>\n<\/ul>\n<\/div>\n<\/li>\n<\/ul>\n<\/div>\n<\/div>\n","protected":false},"excerpt":{"rendered":"<p>Arabuluculuk Nedir? Arabuluculuk, Hukuk Uyu\u015fmazl\u0131klar\u0131nda Arabuluculuk Kanunu kapsam\u0131nda kabul edilmi\u015f, mahkeme d\u0131\u015f\u0131, etkin bir \u00e7\u00f6z\u00fcm yoludur.Taraflar, aralar\u0131ndaki uyu\u015fmazl\u0131\u011f\u0131, bir \u201carabulucunun\u201d yard\u0131m\u0131yla, birlikte g\u00f6r\u00fc\u015ferek ortak bir \u00e7\u00f6z\u00fcme ula\u015fabilirler. Arabuluculuk y\u00f6nteminde, bu \u00e7\u00f6z\u00fcm do\u011frultusunda olu\u015fturulan anla\u015fma, \u201cicra edilebilirlik \u015ferhi\u201d almak kayd\u0131yla mahkeme karar\u0131 yerine ge\u00e7er. Uyu\u015fmazl\u0131k s\u00fcrecinde arabuluculuktan yararlansan\u0131z bile, \u00e7\u00f6z\u00fcme ula\u015famad\u0131\u011f\u0131n\u0131zda her zaman yarg\u0131 yoluna ba\u015fvurman\u0131z [&hellip;]<\/p>\n","protected":false},"author":1,"featured_media":0,"parent":0,"menu_order":0,"comment_status":"closed","ping_status":"closed","template":"","meta":{"_monsterinsights_skip_tracking":false,"_monsterinsights_sitenote_active":false,"_monsterinsights_sitenote_note":"","_monsterinsights_sitenote_category":0,"footnotes":""},"aioseo_notices":[],"_links":{"self":[{"href":"https:\/\/ozerkochukuk.com\/index.php\/wp-json\/wp\/v2\/pages\/67"}],"collection":[{"href":"https:\/\/ozerkochukuk.com\/index.php\/wp-json\/wp\/v2\/pages"}],"about":[{"href":"https:\/\/ozerkochukuk.com\/index.php\/wp-json\/wp\/v2\/types\/page"}],"author":[{"embeddable":true,"href":"https:\/\/ozerkochukuk.com\/index.php\/wp-json\/wp\/v2\/users\/1"}],"replies":[{"embeddable":true,"href":"https:\/\/ozerkochukuk.com\/index.php\/wp-json\/wp\/v2\/comments?post=67"}],"version-history":[{"count":3,"href":"https:\/\/ozerkochukuk.com\/index.php\/wp-json\/wp\/v2\/pages\/67\/revisions"}],"predecessor-version":[{"id":111,"href":"https:\/\/ozerkochukuk.com\/index.php\/wp-json\/wp\/v2\/pages\/67\/revisions\/111"}],"wp:attachment":[{"href":"https:\/\/ozerkochukuk.com\/index.php\/wp-json\/wp\/v2\/media?parent=67"}],"curies":[{"name":"wp","href":"https:\/\/api.w.org\/{rel}","templated":true}]}}