{"id":69,"date":"2024-03-07T14:45:31","date_gmt":"2024-03-07T11:45:31","guid":{"rendered":"https:\/\/ozerkochukuk.com\/?page_id=69"},"modified":"2024-03-07T14:45:31","modified_gmt":"2024-03-07T11:45:31","slug":"kisisel-verilerin-korunmasi","status":"publish","type":"page","link":"https:\/\/ozerkochukuk.com\/index.php\/kisisel-verilerin-korunmasi\/","title":{"rendered":"Ki\u015fisel Verilerin korunmas\u0131"},"content":{"rendered":"<h2>Genel A\u00e7\u0131klamalar<\/h2>\n<p>6698 say\u0131l\u0131\u00a0<strong>Ki\u015fisel Verilerin Korunmas\u0131 Kanunu\u2019nun<\/strong>\u00a0(KVKK) 7 Nisan 2016 tarihinde y\u00fcr\u00fcrl\u00fc\u011fe girmesinden sonra, 1136 say\u0131l\u0131 Avukatl\u0131k Kanunu (Avukatl\u0131k Kanunu) ile aras\u0131nda pek \u00e7ok \u00e7at\u0131\u015fma ya\u015fanm\u0131\u015ft\u0131r. Bug\u00fcne kadar tart\u0131\u015fmalar devam etmekte olup, avukatl\u0131k mesle\u011finin ifas\u0131n\u0131n m\u0131 yoksa ki\u015fisel verilerin korunmas\u0131n\u0131n m\u0131 \u00fcst\u00fcn olaca\u011f\u0131 konusunda uygulamada bir g\u00f6r\u00fc\u015f birli\u011fi bulunmamaktad\u0131r.<\/p>\n<p>\u00d6ncelikle belirtmek gerekir ki, avukatlar da KVKK\u2019ya tabi olup, bu kanunun gerekliliklerini yerine getirmekle y\u00fck\u00fcml\u00fcd\u00fcr.\u00a0<strong>Avukatlar<\/strong> sadece, Ki\u015fisel Verileri Koruma Kurulu\u2019nun (Kurul) karar\u0131\u00a0uyar\u0131nca, veri sorumlular\u0131 siciline (VERB\u0130S) kay\u0131t y\u00fck\u00fcml\u00fcl\u00fc\u011f\u00fcnden muaf tutulmu\u015flard\u0131r. Bunun d\u0131\u015f\u0131nda KVKK yer alan y\u00fck\u00fcml\u00fcl\u00fckler veri sorumlusu s\u0131fat\u0131na haiz avukatlar i\u00e7in de ge\u00e7erlidir.<\/p>\n<p>Avukatl\u0131k mesle\u011finde esas olan ve hem Avukatl\u0131k Kanunu\u2019nun 36.maddesinden hem de Meslek Kurallar\u0131\u2019ndan\u00a0kaynaklanan s\u0131r saklama y\u00fck\u00fcml\u00fcl\u00fc\u011f\u00fc, ki\u015fisel verileri i\u00e7erse de, KVKK\u2019da yap\u0131lan tan\u0131ma g\u00f6re ki\u015fisel verinin daha geni\u015f kapsaml\u0131 oldu\u011funu s\u00f6ylemek m\u00fcmk\u00fcnd\u00fcr. Bu nedenle KVKK\u2019n\u0131n da Avukatl\u0131k Kanunu\u2019ndan daha geni\u015f bir koruma alan\u0131 sa\u011flad\u0131\u011f\u0131n\u0131 s\u00f6ylemek yanl\u0131\u015f olmayacakt\u0131r.<\/p>\n<h2>Ki\u015fisel verilerin korunmas\u0131 m\u0131? Hak arama \u00f6zg\u00fcrl\u00fc\u011f\u00fc m\u00fc?<\/h2>\n<p>Avukatl\u0131k mesle\u011finin ifas\u0131 bak\u0131m\u0131ndan Kurul\u2019un en \u00e7ok tart\u0131\u015fma yaratan karar\u0131[7]\u00a0ise 2021 y\u0131l\u0131nda verilmi\u015ftir. \u0130\u015f\u00e7ilik alaca\u011f\u0131 davas\u0131nda daval\u0131 tan\u0131\u011f\u0131 olarak dinlenen ki\u015finin adli sicil kayd\u0131na eri\u015ferek Mahkeme\u2019ye sunan ve sicile i\u015flenen su\u00e7lar nedeniyle tan\u0131kl\u0131k beyan\u0131na itibar edilmemesi gerekti\u011fini ileri s\u00fcren veri sorumlusu avukat hakk\u0131nda, adli sicil bilgisinin al\u0131narak dosyaya sunulmas\u0131n\u0131n KVKK\u2019n\u0131n 6.maddesinde yer alan \u00f6zel nitelikli ki\u015fisel verilerin i\u015fleme \u015fartlar\u0131na uygunluk sa\u011flamad\u0131\u011f\u0131n\u0131, bu nedenle KVKK\u2019n\u0131n 12.maddesinde yer alan, ki\u015fisel verilerin hukuka ayk\u0131r\u0131 olarak i\u015flenmesini \u00f6nlemek amac\u0131yla uygun g\u00fcvenlik d\u00fczeyini temin etmeye y\u00f6nelik gerekli her t\u00fcrl\u00fc teknik ve idari tedbirleri almak zorundad\u0131r, h\u00fckm\u00fcne ayk\u0131r\u0131l\u0131k te\u015fkil etti\u011fi nedeniyle veri sorumlusu avukat hakk\u0131nda idari para cezas\u0131na h\u00fckmedilmi\u015ftir. Ayn\u0131 zamanda verinin payla\u015f\u0131lmas\u0131n\u0131n 5237 say\u0131l\u0131 T\u00fcrk Ceza Kanunu kapsam\u0131nda su\u00e7 te\u015fkil edebilece\u011fi nedeniyle, Cumhuriyet Ba\u015fsavc\u0131l\u0131\u011f\u0131\u2019na ba\u015fvurabilece\u011fi konusunda ilgili ki\u015fiye bilgi verilmesine de kararda yer verilmi\u015ftir.<\/p>\n<p>Veri sorumlusu avukat taraf\u0131ndan sunulan savunmada \u00f6zetle, tan\u0131k olarak dinlenen ilgili ki\u015finin kimlik numaralar\u0131n\u0131n duru\u015fma tutana\u011f\u0131nda yer ald\u0131\u011f\u0131, bu kimlik bilgisi ile adli sicil kayd\u0131na avukat olarak ula\u015fmas\u0131n\u0131n m\u00fcmk\u00fcn oldu\u011fu, Avukatl\u0131k Kanunu\u2019nun 2.maddesi uyar\u0131nca, mesleklerini yerine getirirken kurumlara ba\u015fvuru yapma ve bilgi alma haklar\u0131 oldu\u011funu, tan\u0131k s\u0131fat\u0131na haiz ilgili ki\u015finin beyan\u0131n\u0131n do\u011fru oldu\u011fundan emin olunmas\u0131 gerekti\u011fi, dosya i\u00e7in bu hususun \u00f6nemli oldu\u011fu, adli sicil kayd\u0131n\u0131 sadece Mahkeme ile payla\u015ft\u0131\u011f\u0131n\u0131, \u00fc\u00e7\u00fcnc\u00fc ki\u015filerle payla\u015fmad\u0131\u011f\u0131n\u0131, avukatl\u0131k mesle\u011finin ayn\u0131 zamanda bir kamu hizmeti oldu\u011funu ve kendisinin kanunla sa\u011flanan bir yetkiyi kulland\u0131\u011f\u0131, yer alm\u0131\u015fsa da, Kurul;\u00a0<em>Avukatl\u0131k Kanunu\u2019nun 2.maddesinin, Adli Sicil Kanunu\u2019nun 7.maddesi kar\u015f\u0131s\u0131nda genel h\u00fck\u00fcm ta\u015f\u0131d\u0131\u011f\u0131, bundan dolay\u0131 avukatlar\u0131n adli sicil kayd\u0131 bilgilerine resen eri\u015fim yetkisi verilmedi\u011fi, \u00f6zel nitelikli ki\u015fisel veri niteli\u011findeki adli sicil bilgilerinin en ba\u015fta hukuka ayk\u0131r\u0131 olarak elde edilmi\u015f olmas\u0131n\u0131n veri sorumlusunun t\u00fcm ki\u015fisel veri i\u015fleme faaliyetlerini ba\u015flang\u0131\u00e7tan itibaren hukuka ayk\u0131r\u0131 hale getirdi\u011fi, zira hukuka uygun olmayan bir \u015feyin \u00fczerine me\u015fru bir \u015feyin bina edilemeyece\u011fi konusunda herhangi bir \u015f\u00fcphenin bulunmad\u0131\u011f\u0131,<\/em>\u00a0de\u011ferlendirmesi ile yapt\u0131r\u0131m karar\u0131 vermi\u015ftir.<\/p>\n<p>S\u00f6z konusu karar bir k\u0131s\u0131m hukuk\u00e7ular taraf\u0131ndan KVKK h\u00fck\u00fcmleri kapsam\u0131nda hukuka uygun olarak de\u011ferlendirilse de, avukat\u0131n mesle\u011fin ifas\u0131 s\u0131ras\u0131nda iddialar\u0131n\u0131 ispatlama noktas\u0131nda \u00f6nemli g\u00fc\u00e7l\u00fcklere yol a\u00e7aca\u011f\u0131 a\u00e7\u0131kt\u0131r. Zira, KVKK h\u00fck\u00fcmleri kapsam\u0131nda yap\u0131lan bu de\u011ferlendirmenin yan\u0131s\u0131ra, 6100 say\u0131l\u0131 Hukuk Muhakemeleri Kanunu\u2019nun (HMK.) \u00f6zellikle 255.maddesinde yer alan,\u00a0<em>\u201ctan\u0131\u011f\u0131n davada yarar\u0131 bulunmak gibi tan\u0131kl\u0131\u011f\u0131n\u0131n do\u011frulu\u011fu konusunda ku\u015fkuyu gerektiren sebepler varsa, bunu iki taraftan biri iddia ve ispat edebilir\u201d<\/em>\u00a0h\u00fckm\u00fc avukata bu y\u00f6nde bir yetki vermektedir. Aksi y\u00f6nde tan\u0131\u011f\u0131n beyan\u0131n\u0131n g\u00fcvenilir olup olmad\u0131\u011f\u0131n\u0131 ispat etme imkan\u0131n\u0131n neredeyse t\u00fcm\u00fcyle ortadan kalkma ihtimali do\u011facakt\u0131r. Her ne kadar Kurul karar\u0131nda adli sicil kayd\u0131n\u0131n davan\u0131n esas\u0131 ile ilgili olup olmad\u0131\u011f\u0131 y\u00f6n\u00fcnde tart\u0131\u015fmalarda bulunulmu\u015fsa da, hukuk davalar\u0131nda \u00f6nem arz eden tan\u0131k beyan\u0131n\u0131n davan\u0131n esas\u0131 ile ilgili oldu\u011fu su g\u00f6t\u00fcrmez bir ger\u00e7ektir.<\/p>\n","protected":false},"excerpt":{"rendered":"<p>Genel A\u00e7\u0131klamalar 6698 say\u0131l\u0131\u00a0Ki\u015fisel Verilerin Korunmas\u0131 Kanunu\u2019nun\u00a0(KVKK) 7 Nisan 2016 tarihinde y\u00fcr\u00fcrl\u00fc\u011fe girmesinden sonra, 1136 say\u0131l\u0131 Avukatl\u0131k Kanunu (Avukatl\u0131k Kanunu) ile aras\u0131nda pek \u00e7ok \u00e7at\u0131\u015fma ya\u015fanm\u0131\u015ft\u0131r. Bug\u00fcne kadar tart\u0131\u015fmalar devam etmekte olup, avukatl\u0131k mesle\u011finin ifas\u0131n\u0131n m\u0131 yoksa ki\u015fisel verilerin korunmas\u0131n\u0131n m\u0131 \u00fcst\u00fcn olaca\u011f\u0131 konusunda uygulamada bir g\u00f6r\u00fc\u015f birli\u011fi bulunmamaktad\u0131r. \u00d6ncelikle belirtmek gerekir ki, avukatlar da [&hellip;]<\/p>\n","protected":false},"author":1,"featured_media":0,"parent":0,"menu_order":0,"comment_status":"closed","ping_status":"closed","template":"","meta":{"_monsterinsights_skip_tracking":false,"_monsterinsights_sitenote_active":false,"_monsterinsights_sitenote_note":"","_monsterinsights_sitenote_category":0,"footnotes":""},"aioseo_notices":[],"_links":{"self":[{"href":"https:\/\/ozerkochukuk.com\/index.php\/wp-json\/wp\/v2\/pages\/69"}],"collection":[{"href":"https:\/\/ozerkochukuk.com\/index.php\/wp-json\/wp\/v2\/pages"}],"about":[{"href":"https:\/\/ozerkochukuk.com\/index.php\/wp-json\/wp\/v2\/types\/page"}],"author":[{"embeddable":true,"href":"https:\/\/ozerkochukuk.com\/index.php\/wp-json\/wp\/v2\/users\/1"}],"replies":[{"embeddable":true,"href":"https:\/\/ozerkochukuk.com\/index.php\/wp-json\/wp\/v2\/comments?post=69"}],"version-history":[{"count":2,"href":"https:\/\/ozerkochukuk.com\/index.php\/wp-json\/wp\/v2\/pages\/69\/revisions"}],"predecessor-version":[{"id":112,"href":"https:\/\/ozerkochukuk.com\/index.php\/wp-json\/wp\/v2\/pages\/69\/revisions\/112"}],"wp:attachment":[{"href":"https:\/\/ozerkochukuk.com\/index.php\/wp-json\/wp\/v2\/media?parent=69"}],"curies":[{"name":"wp","href":"https:\/\/api.w.org\/{rel}","templated":true}]}}